{"id":33036,"date":"2022-08-10T17:09:08","date_gmt":"2022-08-10T15:09:08","guid":{"rendered":"https:\/\/stolz-gmbh.com\/?page_id=33036"},"modified":"2023-02-17T14:30:54","modified_gmt":"2023-02-17T13:30:54","slug":"ferienarbeit","status":"publish","type":"page","link":"https:\/\/stolz-gmbh.com\/en\/karriere\/ferienarbeit\/","title":{"rendered":"VACATION WORK"},"content":{"rendered":"<div class=\"wpb-content-wrapper\"><div id=\"vc_row-69e45d942d7b2\" class=\"vc_row wpb_row vc_row-fluid thegem-custom-69e45d942d7384087\"><div class=\"wpb_column vc_column_container vc_col-sm-12 thegem-custom-69e45d942df4d2657\" ><div class=\"vc_column-inner thegem-custom-inner-69e45d942df51\"><div class=\"wpb_wrapper thegem-custom-69e45d942df4d2657\"><div class=\"clearboth\"><\/div><style>#thegem-divider-69e45d942e4f8 {margin-top: 80px !important;}<\/style><div id=\"thegem-divider-69e45d942e4f8\" class=\"gem-divider\" style=\"\" ><\/div><\/div><\/div><\/div><\/div><div class=\"vc_row-full-width-before\"><\/div><div id=\"vc_row-69e45d942eaa7\" data-vc-full-width=\"true\" data-vc-full-width-init=\"false\" data-vc-stretch-content=\"true\" class=\"vc_row wpb_row vc_row-fluid thegem-custom-69e45d942ea945900 vc_row-o-equal-height vc_row-o-content-middle vc_row-flex\"><script type=\"text\/javascript\">if (typeof(gem_fix_fullwidth_position) == \"function\") { gem_fix_fullwidth_position(document.getElementById(\"vc_row-69e45d942eaa7\")); }<\/script><div class=\"wpb_column vc_column_container vc_col-sm-6 thegem-custom-69e45d942f0457776\" ><div class=\"vc_column-inner thegem-custom-inner-69e45d942f048\"><div class=\"wpb_wrapper thegem-custom-69e45d942f0457776\"><\/div><\/div><\/div><div class=\"wpb_column vc_column_container vc_col-sm-6 vc_hidden-sm vc_hidden-xs thegem-custom-69e45d942f4a58806\" ><div class=\"vc_column-inner thegem-custom-inner-69e45d942f4a8\"><div class=\"wpb_wrapper thegem-custom-69e45d942f4a58806\"><div id=\"fullwidth-block-69e45d942f678\" class=\"fullwidth-block clearfix\"  style=\"\"><script type=\"text\/javascript\">if (typeof(gem_fix_fullwidth_position) == \"function\") { gem_fix_fullwidth_position(document.getElementById(\"fullwidth-block-69e45d942f678\")); }<\/script><div class=\"fullwidth-block-inner\"><div class=\"container\"><div class=\"vc_row wpb_row vc_inner vc_row-fluid thegem-custom-69e45d942ff783450 vc_row-o-equal-height vc_row-flex custom-inner-column-69e45d942ff84\" ><div class=\"wpb_column vc_column_container vc_col-sm-6 thegem-custom-69e45d94306844974 vc_col-has-fill\"><div class=\"vc_column-inner thegem-custom-inner-69e45d9430687 vc_custom_1531300647675\"><div class=\"wpb_wrapper thegem-custom-69e45d94306844974\"><div class=\"clearboth\"><\/div><style>#thegem-divider-69e45d9430844 {margin-top: 63px !important;}<\/style><div id=\"thegem-divider-69e45d9430844\" class=\"gem-divider\" style=\"\" ><\/div>\r\n\t\r\n\t\t<div class=\"wpb_text_column wpb_content_element  thegem-vc-text thegem-custom-69e45d9430d8e7659\"  >\r\n\t\t\t<div class=\"wpb_wrapper\">\r\n\t\t\t\t<h1 class=\"title-h2\"><span style=\"color: #ffffff;\">VACATION WORK<\/span><br \/>\n<span style=\"color: #ffffff;\">WITH STOLZ<\/span><\/h1>\n\r\n\t\t\t<\/div>\r\n\t\t\t<style>@media screen and (max-width: 1023px) {.thegem-vc-text.thegem-custom-69e45d9430d8e7659{display: block!important;}}@media screen and (max-width: 767px) {.thegem-vc-text.thegem-custom-69e45d9430d8e7659{display: block!important;}}@media screen and (max-width: 1023px) {.thegem-vc-text.thegem-custom-69e45d9430d8e7659{position: relative !important;}}@media screen and (max-width: 767px) {.thegem-vc-text.thegem-custom-69e45d9430d8e7659{position: relative !important;}}<\/style>\r\n\t\t<\/div>\r\n\t\r\n<div class=\"clearboth\"><\/div><style>#thegem-divider-69e45d9430eea {margin-top: 20px !important;}<\/style><div id=\"thegem-divider-69e45d9430eea\" class=\"gem-divider\" style=\"\" ><\/div>\r\n\t\r\n\t\t<div class=\"wpb_text_column wpb_content_element  vc_custom_1531300888830 thegem-vc-text thegem-custom-69e45d94310a41816\"  >\r\n\t\t\t<div class=\"wpb_wrapper\">\r\n\t\t\t\t<div class=\"title-h6\"><span class=\"light\" style=\"color: #ffffff;\">APPLY NOW!\u00a0<\/span><\/div>\n\r\n\t\t\t<\/div>\r\n\t\t\t<style>@media screen and (max-width: 1023px) {.thegem-vc-text.thegem-custom-69e45d94310a41816{display: block!important;}}@media screen and (max-width: 767px) {.thegem-vc-text.thegem-custom-69e45d94310a41816{display: block!important;}}@media screen and (max-width: 1023px) {.thegem-vc-text.thegem-custom-69e45d94310a41816{position: relative !important;}}@media screen and (max-width: 767px) {.thegem-vc-text.thegem-custom-69e45d94310a41816{position: relative !important;}}<\/style>\r\n\t\t<\/div>\r\n\t\r\n<div class=\"clearboth\"><\/div><style>#thegem-divider-69e45d9431143 {margin-top: 50px !important;}<\/style><div id=\"thegem-divider-69e45d9431143\" class=\"gem-divider\" style=\"\" ><\/div><div class=\"gem-list gem-list-type-checkbox gem-list-color-3\" ><p><span style=\"color: #f0f0f0;\">You want to earn some extra money during your school or semester vacation? We offer students the opportunity to work during their school vacations or semester breaks. As a student you must be at least 15 years old.<\/span><\/p>\n<\/div><div class=\"clearboth\"><\/div><style>#thegem-divider-69e45d94311f3 {margin-top: 25px !important;}<\/style><div id=\"thegem-divider-69e45d94311f3\" class=\"gem-divider\" style=\"\" ><\/div>\r\n\t\r\n\t\t<div class=\"wpb_text_column wpb_content_element  thegem-vc-text thegem-custom-69e45d94313ae3330\"  >\r\n\t\t\t<div class=\"wpb_wrapper\">\r\n\t\t\t\t<p><span style=\"color: #f0f0f0;\">Please send us a short resume, a school certificate or certificate of enrollment and your desired period of employment to <a style=\"color: #f0f0f0;\" href=\"mailto:bewerbung@stolz-gmbh.com\">bewerbung@stolz-gmbh.com<\/a><\/span><\/p>\n<p><span style=\"color: #f0f0f0;\">Your contact persons are Helen Stolz-Lingel and Julia Schnell.<\/span><\/p>\n<p><span style=\"color: #f0f0f0;\">Wir pr\u00fcfen deine Einsatzm\u00f6glichkeiten schnellstm\u00f6glich.<\/span><\/p>\n<p><span style=\"color: #f0f0f0;\">Wir freuen uns auf deine Bewerbung!<\/span><\/p>\n\r\n\t\t\t<\/div>\r\n\t\t\t<style>@media screen and (max-width: 1023px) {.thegem-vc-text.thegem-custom-69e45d94313ae3330{display: block!important;}}@media screen and (max-width: 767px) {.thegem-vc-text.thegem-custom-69e45d94313ae3330{display: block!important;}}@media screen and (max-width: 1023px) {.thegem-vc-text.thegem-custom-69e45d94313ae3330{position: relative !important;}}@media screen and (max-width: 767px) {.thegem-vc-text.thegem-custom-69e45d94313ae3330{position: relative !important;}}<\/style>\r\n\t\t<\/div>\r\n\t\r\n<div class=\"clearboth\"><\/div><style>#thegem-divider-69e45d943148c {margin-top: 100px !important;}<\/style><div id=\"thegem-divider-69e45d943148c\" class=\"gem-divider\" style=\"\" ><\/div><\/div><\/div><\/div><div class=\"custom-bg-position wpb_column vc_column_container vc_col-sm-6 thegem-custom-69e45d94318eb921 vc_col-has-fill\"><div class=\"vc_column-inner thegem-custom-inner-69e45d94318ee vc_custom_1676640619026\"><div class=\"wpb_wrapper thegem-custom-69e45d94318eb921\"><div class=\"clearboth\"><\/div><style>#thegem-divider-69e45d94319af {margin-top: 500px !important;}<\/style><div id=\"thegem-divider-69e45d94319af\" class=\"gem-divider\" style=\"\" ><\/div><\/div><\/div><\/div><\/div><\/div><\/div><\/div><\/div><\/div><\/div><\/div><div class=\"vc_row-full-width vc_clearfix\"><\/div><div class=\"vc_row-full-width-before\"><\/div><div id=\"vc_row-69e45d94320f6\" data-vc-full-width=\"true\" data-vc-full-width-init=\"false\" data-vc-stretch-content=\"true\" class=\"vc_row wpb_row vc_row-fluid thegem-custom-69e45d94320e56131 vc_row-o-equal-height vc_row-o-content-middle vc_row-flex\"><script type=\"text\/javascript\">if (typeof(gem_fix_fullwidth_position) == \"function\") { gem_fix_fullwidth_position(document.getElementById(\"vc_row-69e45d94320f6\")); }<\/script><div class=\"wpb_column vc_column_container vc_col-sm-6 thegem-custom-69e45d94326058291\" ><div class=\"vc_column-inner thegem-custom-inner-69e45d9432607\"><div class=\"wpb_wrapper thegem-custom-69e45d94326058291\"><\/div><\/div><\/div><div class=\"wpb_column vc_column_container vc_col-sm-6 vc_hidden-lg vc_hidden-md thegem-custom-69e45d9432aba6773\" ><div class=\"vc_column-inner thegem-custom-inner-69e45d9432abd\"><div class=\"wpb_wrapper thegem-custom-69e45d9432aba6773\"><div id=\"fullwidth-block-69e45d9432c07\" class=\"fullwidth-block clearfix\"  style=\"\"><script type=\"text\/javascript\">if (typeof(gem_fix_fullwidth_position) == \"function\") { gem_fix_fullwidth_position(document.getElementById(\"fullwidth-block-69e45d9432c07\")); }<\/script><div class=\"fullwidth-block-inner\"><div class=\"container\"><div class=\"vc_row wpb_row vc_inner vc_row-fluid thegem-custom-69e45d943307a6361 vc_row-o-equal-height vc_row-flex custom-inner-column-69e45d9433083\" ><div class=\"wpb_column vc_column_container vc_col-sm-6 thegem-custom-69e45d94334c42752 vc_col-has-fill\"><div class=\"vc_column-inner thegem-custom-inner-69e45d94334c6 vc_custom_1529323879015\"><div class=\"wpb_wrapper thegem-custom-69e45d94334c42752\"><div class=\"clearboth\"><\/div><style>#thegem-divider-69e45d94335c1 {margin-top: 63px !important;}<\/style><div id=\"thegem-divider-69e45d94335c1\" class=\"gem-divider\" style=\"\" ><\/div>\r\n\t\r\n\t\t<div class=\"wpb_text_column wpb_content_element  thegem-vc-text thegem-custom-69e45d94337c27647\"  >\r\n\t\t\t<div class=\"wpb_wrapper\">\r\n\t\t\t\t<h1 class=\"title-h2\"><span style=\"color: #ffffff;\">VACATION WORK<\/span><br \/>\n<span style=\"color: #ffffff;\">WITH STOLZ<\/span><\/h1>\n\r\n\t\t\t<\/div>\r\n\t\t\t<style>@media screen and (max-width: 1023px) {.thegem-vc-text.thegem-custom-69e45d94337c27647{display: block!important;}}@media screen and (max-width: 767px) {.thegem-vc-text.thegem-custom-69e45d94337c27647{display: block!important;}}@media screen and (max-width: 1023px) {.thegem-vc-text.thegem-custom-69e45d94337c27647{position: relative !important;}}@media screen and (max-width: 767px) {.thegem-vc-text.thegem-custom-69e45d94337c27647{position: relative !important;}}<\/style>\r\n\t\t<\/div>\r\n\t\r\n<div class=\"clearboth\"><\/div><style>#thegem-divider-69e45d94338ad {margin-top: 20px !important;}<\/style><div id=\"thegem-divider-69e45d94338ad\" class=\"gem-divider\" style=\"\" ><\/div>\r\n\t\r\n\t\t<div class=\"wpb_text_column wpb_content_element  vc_custom_1531300888830 thegem-vc-text thegem-custom-69e45d9433aa86660\"  >\r\n\t\t\t<div class=\"wpb_wrapper\">\r\n\t\t\t\t<div class=\"title-h6\"><span class=\"light\" style=\"color: #ffffff;\">APPLY NOW!\u00a0<\/span><\/div>\n\r\n\t\t\t<\/div>\r\n\t\t\t<style>@media screen and (max-width: 1023px) {.thegem-vc-text.thegem-custom-69e45d9433aa86660{display: block!important;}}@media screen and (max-width: 767px) {.thegem-vc-text.thegem-custom-69e45d9433aa86660{display: block!important;}}@media screen and (max-width: 1023px) {.thegem-vc-text.thegem-custom-69e45d9433aa86660{position: relative !important;}}@media screen and (max-width: 767px) {.thegem-vc-text.thegem-custom-69e45d9433aa86660{position: relative !important;}}<\/style>\r\n\t\t<\/div>\r\n\t\r\n<div class=\"clearboth\"><\/div><style>#thegem-divider-69e45d9433b58 {margin-top: 50px !important;}<\/style><div id=\"thegem-divider-69e45d9433b58\" class=\"gem-divider\" style=\"\" ><\/div><div class=\"gem-list gem-list-type-checkbox gem-list-color-3\" ><p><span style=\"color: #f0f0f0;\">You want to earn some extra money during your school or semester vacation? We offer students the opportunity to work during their school vacations or semester breaks. As a student you must be at least 15 years old.<\/span><\/p>\n<\/div><div class=\"clearboth\"><\/div><style>#thegem-divider-69e45d9433bde {margin-top: 25px !important;}<\/style><div id=\"thegem-divider-69e45d9433bde\" class=\"gem-divider\" style=\"\" ><\/div>\r\n\t\r\n\t\t<div class=\"wpb_text_column wpb_content_element  thegem-vc-text thegem-custom-69e45d9433d9c7748\"  >\r\n\t\t\t<div class=\"wpb_wrapper\">\r\n\t\t\t\t<p><span style=\"color: #f0f0f0;\">Please send us a short resume, a school certificate or certificate of enrollment and your desired period of employment to <a style=\"color: #f0f0f0;\" href=\"mailto:bewerbung@stolz-gmbh.com\">bewerbung@stolz-gmbh.com<\/a><\/span><\/p>\n<p><span style=\"color: #f0f0f0;\">Your contact persons are Helen Stolz-Lingel and Julia Schnell.<\/span><\/p>\n<p><span style=\"color: #f0f0f0;\">Wir pr\u00fcfen deine Einsatzm\u00f6glichkeiten schnellstm\u00f6glich.<\/span><\/p>\n<p><span style=\"color: #f0f0f0;\">Wir freuen uns auf deine Bewerbung!<\/span><\/p>\n\r\n\t\t\t<\/div>\r\n\t\t\t<style>@media screen and (max-width: 1023px) {.thegem-vc-text.thegem-custom-69e45d9433d9c7748{display: block!important;}}@media screen and (max-width: 767px) {.thegem-vc-text.thegem-custom-69e45d9433d9c7748{display: block!important;}}@media screen and (max-width: 1023px) {.thegem-vc-text.thegem-custom-69e45d9433d9c7748{position: relative !important;}}@media screen and (max-width: 767px) {.thegem-vc-text.thegem-custom-69e45d9433d9c7748{position: relative !important;}}<\/style>\r\n\t\t<\/div>\r\n\t\r\n<div class=\"clearboth\"><\/div><style>#thegem-divider-69e45d9433e52 {margin-top: 100px !important;}<\/style><div id=\"thegem-divider-69e45d9433e52\" class=\"gem-divider\" style=\"\" ><\/div><\/div><\/div><\/div><div class=\"custom-bg-position wpb_column vc_column_container vc_col-sm-6 thegem-custom-69e45d94342195973 vc_col-has-fill\"><div class=\"vc_column-inner thegem-custom-inner-69e45d943421b vc_custom_1676640635608\"><div class=\"wpb_wrapper thegem-custom-69e45d94342195973\"><div class=\"clearboth\"><\/div><style>#thegem-divider-69e45d94342fc {margin-top: 500px !important;}<\/style><div id=\"thegem-divider-69e45d94342fc\" class=\"gem-divider\" style=\"\" ><\/div><\/div><\/div><\/div><\/div><\/div><\/div><\/div><\/div><\/div><\/div><\/div><div class=\"vc_row-full-width vc_clearfix\"><\/div><div id=\"vc_row-69e45d94348d5\" class=\"vc_row wpb_row vc_row-fluid thegem-custom-69e45d94348c63295\"><div class=\"wpb_column vc_column_container vc_col-sm-12 thegem-custom-69e45d9434dd31892\" ><div class=\"vc_column-inner thegem-custom-inner-69e45d9434dd6\"><div class=\"wpb_wrapper thegem-custom-69e45d9434dd31892\"><div class=\"vc_empty_space\"   style=\"height: 80px\"><span class=\"vc_empty_space_inner\"><\/span><\/div><\/div><\/div><\/div><\/div><div class=\"vc_row-full-width-before\"><\/div><div id=\"vc_row-69e45d9435d47\" data-vc-full-width=\"true\" data-vc-full-width-init=\"false\" class=\"vc_row wpb_row vc_row-fluid thegem-custom-69e45d9435d35113\"><script type=\"text\/javascript\">if (typeof(gem_fix_fullwidth_position) == \"function\") { gem_fix_fullwidth_position(document.getElementById(\"vc_row-69e45d9435d47\")); }<\/script><div class=\"wpb_column vc_column_container vc_col-sm-12 vc_hidden-sm vc_hidden-xs thegem-custom-69e45d94362ab6692\" ><div class=\"vc_column-inner thegem-custom-inner-69e45d94362ae vc_custom_1529657139277\"><div class=\"wpb_wrapper thegem-custom-69e45d94362ab6692\"><div id=\"fullwidth-block-69e45d9436c4b\" class=\"fullwidth-block fullwidth-block-parallax-vertical clearfix\" data-mobile-parallax-enable=\"0\" style=\"padding-top: 115px;padding-bottom: 85px;\"><script type=\"text\/javascript\">if (typeof(gem_fix_fullwidth_position) == \"function\") { gem_fix_fullwidth_position(document.getElementById(\"fullwidth-block-69e45d9436c4b\")); }<\/script><div class=\"fullwidth-block-background\" style=\"background-image: url(https:\/\/stolz-gmbh.com\/wp-content\/uploads\/2018\/06\/karriere-5.jpg);background-position: center center;\"><\/div><div class=\"fullwidth-block-inner\"><div class=\"container\"><div class=\"gem-textbox\"  ><div class=\"gem-textbox-inner\" style=\"\"><div class=\"gem-textbox-content\" style=\"background-position: center top;\"><div class=\"gem-alert-box\"><div class=\"gem-alert-inner\"><div class=\"gem-alert-box-content\">\r\n\t\r\n\t\t<div class=\"wpb_text_column wpb_content_element  thegem-vc-text thegem-custom-69e45d94371bf9673\"  >\r\n\t\t\t<div class=\"wpb_wrapper\">\r\n\t\t\t\t<h2><span style=\"color: #ffffff;\">START IN A NEW JOB<\/span><\/h2>\n\r\n\t\t\t<\/div>\r\n\t\t\t<style>@media screen and (max-width: 1023px) {.thegem-vc-text.thegem-custom-69e45d94371bf9673{display: block!important;}}@media screen and (max-width: 767px) {.thegem-vc-text.thegem-custom-69e45d94371bf9673{display: block!important;}}@media screen and (max-width: 1023px) {.thegem-vc-text.thegem-custom-69e45d94371bf9673{position: relative !important;}}@media screen and (max-width: 767px) {.thegem-vc-text.thegem-custom-69e45d94371bf9673{position: relative !important;}}<\/style>\r\n\t\t<\/div>\r\n\t\r\n<\/div><div class=\"gem-alert-box-buttons\"><style type=\"text\/css\">.thegem-button-69e45d9436ead1353 .gem-button svg {fill: #ffffff;}.thegem-button-69e45d9436ead1353 .gem-button:hover svg {fill: #ffffff;}<\/style><div class=\"gem-button-container gem-button-position-center thegem-button-69e45d9436ead1353\"  ><a class=\"gem-button gem-button-size-medium gem-button-style-outline gem-button-text-weight-normal gem-button-border-2\" data-ll-effect=\"drop-right-without-wrap\" style=\"border-radius: 3px;border-color: #ffffff;color: #ffffff;\" onmouseleave=\"this.style.borderColor='#ffffff';this.style.color='#ffffff';\" onmouseenter=\"this.style.color='#ffffff';\" href=\"https:\/\/stolz-gmbh.com\/en\/bewerbung\/\" target=\"_self\">Apply Online Now<\/a><\/div> <\/div><\/div><\/div><\/div><\/div><\/div><\/div><\/div><\/div><\/div><\/div><\/div><\/div><div class=\"vc_row-full-width vc_clearfix\"><\/div><div class=\"vc_row-full-width-before\"><\/div><div id=\"vc_row-69e45d94377cf\" data-vc-full-width=\"true\" data-vc-full-width-init=\"false\" class=\"vc_row wpb_row vc_row-fluid thegem-custom-69e45d94377be5822\"><script type=\"text\/javascript\">if (typeof(gem_fix_fullwidth_position) == \"function\") { gem_fix_fullwidth_position(document.getElementById(\"vc_row-69e45d94377cf\")); }<\/script><div class=\"wpb_column vc_column_container vc_col-sm-12 vc_hidden-lg vc_hidden-md thegem-custom-69e45d9437c761309\" ><div class=\"vc_column-inner thegem-custom-inner-69e45d9437c79 vc_custom_1529657199250\"><div class=\"wpb_wrapper thegem-custom-69e45d9437c761309\">\r\n\t\r\n\t\t<div class=\"wpb_text_column wpb_content_element  thegem-vc-text thegem-custom-69e45d9437ffa1178\"  >\r\n\t\t\t<div class=\"wpb_wrapper\">\r\n\t\t\t\t<h2>START IN A NEW JOB<\/h2>\n\r\n\t\t\t<\/div>\r\n\t\t\t<style>@media screen and (max-width: 1023px) {.thegem-vc-text.thegem-custom-69e45d9437ffa1178{display: block!important;}}@media screen and (max-width: 767px) {.thegem-vc-text.thegem-custom-69e45d9437ffa1178{display: block!important;}}@media screen and (max-width: 1023px) {.thegem-vc-text.thegem-custom-69e45d9437ffa1178{position: relative !important;}}@media screen and (max-width: 767px) {.thegem-vc-text.thegem-custom-69e45d9437ffa1178{position: relative !important;}}<\/style>\r\n\t\t<\/div>\r\n\t\r\n<div class=\"gem-button-container gem-button-position-inline thegem-button-69e45d943814f7001\"  ><a title=\"Application\" class=\"gem-button gem-button-size-medium gem-button-style-flat gem-button-text-weight-normal\" data-ll-effect=\"drop-right-without-wrap\" style=\"border-radius: 3px;\" onmouseleave=\"\" onmouseenter=\"\" href=\"https:\/\/stolz-gmbh.com\/en\/bewerbung\/\" target=\"_self\">Apply Online Now<\/a><\/div> <\/div><\/div><\/div><\/div><div class=\"vc_row-full-width vc_clearfix\"><\/div><div id=\"vc_row-69e45d943862d\" class=\"vc_row wpb_row vc_row-fluid thegem-custom-69e45d943862022\"><div class=\"wpb_column vc_column_container vc_col-sm-12 thegem-custom-69e45d9438a663385\" ><div class=\"vc_column-inner thegem-custom-inner-69e45d9438a68\"><div class=\"wpb_wrapper thegem-custom-69e45d9438a663385\"><div class=\"vc_empty_space\"   style=\"height: 80px\"><span class=\"vc_empty_space_inner\"><\/span><\/div><\/div><\/div><\/div><\/div>\n<\/div>","protected":false},"excerpt":{"rendered":"","protected":false},"author":3,"featured_media":0,"parent":31281,"menu_order":0,"comment_status":"closed","ping_status":"closed","template":"","meta":{"inline_featured_image":false,"footnotes":""},"class_list":["post-33036","page","type-page","status-publish"],"_links":{"self":[{"href":"https:\/\/stolz-gmbh.com\/en\/wp-json\/wp\/v2\/pages\/33036","targetHints":{"allow":["GET"]}}],"collection":[{"href":"https:\/\/stolz-gmbh.com\/en\/wp-json\/wp\/v2\/pages"}],"about":[{"href":"https:\/\/stolz-gmbh.com\/en\/wp-json\/wp\/v2\/types\/page"}],"author":[{"embeddable":true,"href":"https:\/\/stolz-gmbh.com\/en\/wp-json\/wp\/v2\/users\/3"}],"replies":[{"embeddable":true,"href":"https:\/\/stolz-gmbh.com\/en\/wp-json\/wp\/v2\/comments?post=33036"}],"version-history":[{"count":0,"href":"https:\/\/stolz-gmbh.com\/en\/wp-json\/wp\/v2\/pages\/33036\/revisions"}],"up":[{"embeddable":true,"href":"https:\/\/stolz-gmbh.com\/en\/wp-json\/wp\/v2\/pages\/31281"}],"wp:attachment":[{"href":"https:\/\/stolz-gmbh.com\/en\/wp-json\/wp\/v2\/media?parent=33036"}],"curies":[{"name":"wp","href":"https:\/\/api.w.org\/{rel}","templated":true}]}}